
{"id":966,"date":"2014-11-27T18:00:06","date_gmt":"2014-11-27T18:00:06","guid":{"rendered":"https:\/\/demo.pfz.pt\/fozmoto\/wp\/?page_id=966"},"modified":"2026-02-13T11:20:47","modified_gmt":"2026-02-13T11:20:47","slug":"inicio","status":"publish","type":"page","link":"https:\/\/www.fozmoto.com\/novo\/","title":{"rendered":"In\u00edcio"},"content":{"rendered":"<p>[vc_row][vc_column][vc_single_image image=&#8221;2302&#8243; img_size=&#8221;large&#8221; alignment=&#8221;center&#8221;][vc_separator color=&#8221;black&#8221;][\/vc_column][\/vc_row][vc_row el_class=&#8221;margin-top-30 padding-bottom-40 margin-bottom-none&#8221;][vc_column width=&#8221;1\/2&#8243;][vc_column_text]<\/p>\n<h4 class=\"margin-top-none\"><span style='font-weight: 800;'>CONCESSION\u00c1RIO OFICIAL <\/span><\/h4>\n<p>[\/vc_column_text][vc_column_text][\/vc_column_text][vc_single_image image=&#8221;2192&#8243; img_size=&#8221;full&#8221; css=&#8221;.vc_custom_1770978277393{margin-left: -30px !important;}&#8221;][\/vc_column][vc_column width=&#8221;1\/2&#8243;][vc_column_text]<\/p>\n<h4 class=\"margin-top-none\"><span style='font-weight: 800;'>DESTAQUES<\/span><\/h4>\n<p>[\/vc_column_text][vc_video link=&#8221;https:\/\/www.youtube.com\/watch?v=BPFRcisisUo&#8221;][\/vc_column][\/vc_row][vc_row][vc_column][vc_separator color=&#8221;black&#8221;][vc_column_text]<\/p>\n<h4 class=\"margin-top-none\"><span style='font-weight: 800;'>NOVIDADES 2026 <\/span><\/h4>\n<p>[\/vc_column_text][\/vc_column][\/vc_row][vc_row el_class=&#8221;padding-bottom-40 margin-bottom-none&#8221;][vc_column width=&#8221;1\/3&#8243;]\t<div class=\"flip \" data-image=\"https:\/\/www.fozmoto.com\/novo\/wp-content\/uploads\/2026\/02\/nmax.jpg\">\n        <div class=\"card\">\n            <div class=\"face front\">\n            \t<img decoding=\"async\" class=\"img-responsive no_border\" src=\"https:\/\/www.fozmoto.com\/novo\/wp-content\/uploads\/2026\/02\/nmax.jpg\" alt=\"\">\n            <\/div>\n            <div class=\"face back\">\n                <div class='hover_title'>Saber mais<\/div>\n\n                <a href=\"https:\/\/www.yamaha-motor.eu\/pt\/pt\/scooters\/sport\/pdp\/nmax-125-2026\/\"><i class=\"fa fa-link button_icon\"><\/i><\/a> \n                <a href=\"https:\/\/www.fozmoto.com\/novo\/wp-content\/uploads\/2026\/02\/nmax.jpg\" class=\"fancybox\"><i class=\"fa fa-arrows-alt button_icon\"><\/i><\/a> \n            <\/div>\n        <\/div>\n    <\/div>\n    [vc_column_text css=&#8221;.vc_custom_1731327583574{margin-top: 20px !important;}&#8221;]<\/p>\n<h3 class=\"margin-bottom-10\">NMAX 125<\/h3>\n<h3 class=\"price lh-36\" data-price-target=\"\"><\/h3>\n<h3 class=\"price lh-36\" data-price-target=\"\"><\/h3>\n<p>[\/vc_column_text][\/vc_column][vc_column width=&#8221;1\/3&#8243;]\t<div class=\"flip \" data-image=\"https:\/\/www.fozmoto.com\/novo\/wp-content\/uploads\/2026\/02\/nmax-155.jpg\">\n        <div class=\"card\">\n            <div class=\"face front\">\n            \t<img decoding=\"async\" class=\"img-responsive no_border\" src=\"https:\/\/www.fozmoto.com\/novo\/wp-content\/uploads\/2026\/02\/nmax-155.jpg\" alt=\"\">\n            <\/div>\n            <div class=\"face back\">\n                <div class='hover_title'>Saber mais<\/div>\n\n                <a href=\"https:\/\/www.yamaha-motor.eu\/pt\/pt\/scooters\/sport\/pdp\/nmax-155-tech-max\/#2026-G150SV-MDNM9\"><i class=\"fa fa-link button_icon\"><\/i><\/a> \n                <a href=\"https:\/\/www.fozmoto.com\/novo\/wp-content\/uploads\/2026\/02\/nmax-155.jpg\" class=\"fancybox\"><i class=\"fa fa-arrows-alt button_icon\"><\/i><\/a> \n            <\/div>\n        <\/div>\n    <\/div>\n    [vc_column_text css=&#8221;.vc_custom_1770978847392{margin-top: 20px !important;}&#8221;]<\/p>\n<h3 class=\"margin-bottom-10\">NMAX 155 Tech MAX<\/h3>\n<p>&nbsp;[\/vc_column_text][\/vc_column][vc_column width=&#8221;1\/3&#8243;]\t<div class=\"flip \" data-image=\"https:\/\/www.fozmoto.com\/novo\/wp-content\/uploads\/2026\/02\/tmax.jpg\">\n        <div class=\"card\">\n            <div class=\"face front\">\n            \t<img decoding=\"async\" class=\"img-responsive no_border\" src=\"https:\/\/www.fozmoto.com\/novo\/wp-content\/uploads\/2026\/02\/tmax.jpg\" alt=\"\">\n            <\/div>\n            <div class=\"face back\">\n                <div class='hover_title'>Saber mais<\/div>\n\n                <a href=\"https:\/\/www.yamaha-motor.eu\/pt\/pt\/scooters\/sport\/pdp\/tmax\/#2026-XP500A-DPBMC\"><i class=\"fa fa-link button_icon\"><\/i><\/a> \n                <a href=\"https:\/\/www.fozmoto.com\/novo\/wp-content\/uploads\/2026\/02\/tmax.jpg\" class=\"fancybox\"><i class=\"fa fa-arrows-alt button_icon\"><\/i><\/a> \n            <\/div>\n        <\/div>\n    <\/div>\n    [vc_column_text css=&#8221;.vc_custom_1731328462060{margin-top: 20px !important;}&#8221;]<\/p>\n<h3 class=\"margin-bottom-10\">TMAX<\/h3>\n<p>[\/vc_column_text][\/vc_column][\/vc_row][vc_row][vc_column width=&#8221;1\/3&#8243;]\t<div class=\"flip \" data-image=\"https:\/\/www.fozmoto.com\/novo\/wp-content\/uploads\/2026\/02\/tma-tech.jpg\">\n        <div class=\"card\">\n            <div class=\"face front\">\n            \t<img decoding=\"async\" class=\"img-responsive no_border\" src=\"https:\/\/www.fozmoto.com\/novo\/wp-content\/uploads\/2026\/02\/tma-tech.jpg\" alt=\"\">\n            <\/div>\n            <div class=\"face back\">\n                <div class='hover_title'>Saber mais<\/div>\n\n                <a href=\"https:\/\/www.yamaha-motor.eu\/pt\/pt\/scooters\/sport\/pdp\/tmax-25th-anniversary\/#2026-XP500ASV-MDNMD\"><i class=\"fa fa-link button_icon\"><\/i><\/a> \n                <a href=\"https:\/\/www.fozmoto.com\/novo\/wp-content\/uploads\/2026\/02\/tma-tech.jpg\" class=\"fancybox\"><i class=\"fa fa-arrows-alt button_icon\"><\/i><\/a> \n            <\/div>\n        <\/div>\n    <\/div>\n    [vc_column_text css=&#8221;.vc_custom_1770979172083{margin-top: 20px !important;}&#8221;]<\/p>\n<h3 class=\"margin-bottom-10\">TMAX 25th Anniversary<\/h3>\n<p>[\/vc_column_text][\/vc_column][vc_column width=&#8221;1\/3&#8243;]\t<div class=\"flip \" data-image=\"https:\/\/www.fozmoto.com\/novo\/wp-content\/uploads\/2026\/02\/wr.jpg\">\n        <div class=\"card\">\n            <div class=\"face front\">\n            \t<img decoding=\"async\" class=\"img-responsive no_border\" src=\"https:\/\/www.fozmoto.com\/novo\/wp-content\/uploads\/2026\/02\/wr.jpg\" alt=\"\">\n            <\/div>\n            <div class=\"face back\">\n                <div class='hover_title'>Saber mais<\/div>\n\n                <a href=\"https:\/\/www.yamaha-motor.eu\/pt\/pt\/motorcycles\/adventure\/pdp\/wr125r\/\"><i class=\"fa fa-link button_icon\"><\/i><\/a> \n                <a href=\"https:\/\/www.fozmoto.com\/novo\/wp-content\/uploads\/2026\/02\/wr.jpg\" class=\"fancybox\"><i class=\"fa fa-arrows-alt button_icon\"><\/i><\/a> \n            <\/div>\n        <\/div>\n    <\/div>\n    [vc_column_text css=&#8221;.vc_custom_1770979342555{margin-top: 20px !important;}&#8221;]<\/p>\n<h3 class=\"margin-bottom-10\">WR125R<\/h3>\n<p>&nbsp;[\/vc_column_text][\/vc_column][vc_column width=&#8221;1\/3&#8243;]\t<div class=\"flip \" data-image=\"https:\/\/www.fozmoto.com\/novo\/wp-content\/uploads\/2026\/02\/XSRRR-1.jpg\">\n        <div class=\"card\">\n            <div class=\"face front\">\n            \t<img decoding=\"async\" class=\"img-responsive no_border\" src=\"https:\/\/www.fozmoto.com\/novo\/wp-content\/uploads\/2026\/02\/XSRRR-1.jpg\" alt=\"\">\n            <\/div>\n            <div class=\"face back\">\n                <div class='hover_title'>Saber mais<\/div>\n\n                <a href=\"https:\/\/www.yamaha-motor.eu\/pt\/pt\/motorcycles\/sport-heritage\/pdp\/xsr125-legacy\/#2026-XS125SV-NMU\"><i class=\"fa fa-link button_icon\"><\/i><\/a> \n                <a href=\"https:\/\/www.fozmoto.com\/novo\/wp-content\/uploads\/2026\/02\/XSRRR-1.jpg\" class=\"fancybox\"><i class=\"fa fa-arrows-alt button_icon\"><\/i><\/a> \n            <\/div>\n        <\/div>\n    <\/div>\n    [vc_column_text css=&#8221;.vc_custom_1770979808982{margin-top: 20px !important;}&#8221;]<\/p>\n<h3 class=\"margin-bottom-10\">XSR125 Legacy<\/h3>\n<p>[\/vc_column_text][\/vc_column][\/vc_row][vc_row][vc_column width=&#8221;1\/3&#8243;]\t<div class=\"flip \" data-image=\"https:\/\/www.fozmoto.com\/novo\/wp-content\/uploads\/2026\/02\/2026-Yamaha-MT07TRGTS-EU-Icon_Performance-Static-005-03.jpg\">\n        <div class=\"card\">\n            <div class=\"face front\">\n            \t<img decoding=\"async\" class=\"img-responsive no_border\" src=\"https:\/\/www.fozmoto.com\/novo\/wp-content\/uploads\/2026\/02\/2026-Yamaha-MT07TRGTS-EU-Icon_Performance-Static-005-03.jpg\" alt=\"\">\n            <\/div>\n            <div class=\"face back\">\n                <div class='hover_title'>Saber mais<\/div>\n\n                <a href=\"https:\/\/www.yamaha-motor.eu\/pt\/pt\/motorcycles\/sport-touring\/pdp\/tracer-7-gt\/#2026-MT07TRGTS-NMU\"><i class=\"fa fa-link button_icon\"><\/i><\/a> \n                <a href=\"https:\/\/www.fozmoto.com\/novo\/wp-content\/uploads\/2026\/02\/2026-Yamaha-MT07TRGTS-EU-Icon_Performance-Static-005-03.jpg\" class=\"fancybox\"><i class=\"fa fa-arrows-alt button_icon\"><\/i><\/a> \n            <\/div>\n        <\/div>\n    <\/div>\n    [vc_column_text css=&#8221;.vc_custom_1770980015881{margin-top: 20px !important;}&#8221;]<\/p>\n<h3 class=\"margin-bottom-10\">TRACER 7 GT (Y-AMT)<\/h3>\n<p>[\/vc_column_text][\/vc_column][vc_column width=&#8221;1\/3&#8243;]\t<div class=\"flip \" data-image=\"https:\/\/www.fozmoto.com\/novo\/wp-content\/uploads\/2026\/02\/2026-Yamaha-XTZ700D-EU-Redline_White-Action-016-03.jpg\">\n        <div class=\"card\">\n            <div class=\"face front\">\n            \t<img decoding=\"async\" class=\"img-responsive no_border\" src=\"https:\/\/www.fozmoto.com\/novo\/wp-content\/uploads\/2026\/02\/2026-Yamaha-XTZ700D-EU-Redline_White-Action-016-03.jpg\" alt=\"\">\n            <\/div>\n            <div class=\"face back\">\n                <div class='hover_title'>Saber mais<\/div>\n\n                <a href=\"https:\/\/www.yamaha-motor.eu\/pt\/pt\/motorcycles\/adventure\/pdp\/t-n-r-700-world-raid\/#2026-XTZ700D-BWP1\"><i class=\"fa fa-link button_icon\"><\/i><\/a> \n                <a href=\"https:\/\/www.fozmoto.com\/novo\/wp-content\/uploads\/2026\/02\/2026-Yamaha-XTZ700D-EU-Redline_White-Action-016-03.jpg\" class=\"fancybox\"><i class=\"fa fa-arrows-alt button_icon\"><\/i><\/a> \n            <\/div>\n        <\/div>\n    <\/div>\n    [vc_column_text css=&#8221;.vc_custom_1770980228129{margin-top: 20px !important;}&#8221;]<\/p>\n<h3 class=\"margin-bottom-10\">T\u00c9N\u00c9R\u00c9 700 World Raid<\/h3>\n<p>&nbsp;[\/vc_column_text][\/vc_column][vc_column width=&#8221;1\/3&#8243;]\t<div class=\"flip \" data-image=\"https:\/\/www.fozmoto.com\/novo\/wp-content\/uploads\/2026\/02\/Design-sem-nome-63.jpg\">\n        <div class=\"card\">\n            <div class=\"face front\">\n            \t<img decoding=\"async\" class=\"img-responsive no_border\" src=\"https:\/\/www.fozmoto.com\/novo\/wp-content\/uploads\/2026\/02\/Design-sem-nome-63.jpg\" alt=\"\">\n            <\/div>\n            <div class=\"face back\">\n                <div class='hover_title'>Saber mais<\/div>\n\n                <a href=\"https:\/\/www.yamaha-motor.eu\/pt\/pt\/motorcycles\/competition\/pdp\/yz125-70th-anniversary-edition\/#2026-YZ125LCSV-PWS1\"><i class=\"fa fa-link button_icon\"><\/i><\/a> \n                <a href=\"https:\/\/www.fozmoto.com\/novo\/wp-content\/uploads\/2026\/02\/Design-sem-nome-63.jpg\" class=\"fancybox\"><i class=\"fa fa-arrows-alt button_icon\"><\/i><\/a> \n            <\/div>\n        <\/div>\n    <\/div>\n    [vc_column_text css=&#8221;.vc_custom_1770980638668{margin-top: 20px !important;}&#8221;]<\/p>\n<h3 class=\"margin-bottom-10\">YZ125 70th Anniversary<\/h3>\n<p>[\/vc_column_text][\/vc_column][\/vc_row][vc_row][vc_column width=&#8221;1\/3&#8243;]\t<div class=\"flip \" data-image=\"https:\/\/www.fozmoto.com\/novo\/wp-content\/uploads\/2026\/02\/2026-Yamaha-XS850GP-EU-Legend_Yellow-Action-002-03.jpg\">\n        <div class=\"card\">\n            <div class=\"face front\">\n            \t<img decoding=\"async\" class=\"img-responsive no_border\" src=\"https:\/\/www.fozmoto.com\/novo\/wp-content\/uploads\/2026\/02\/2026-Yamaha-XS850GP-EU-Legend_Yellow-Action-002-03.jpg\" alt=\"\">\n            <\/div>\n            <div class=\"face back\">\n                <div class='hover_title'>Saber mais<\/div>\n\n                <a href=\"https:\/\/www.yamaha-motor.eu\/pt\/pt\/motorcycles\/sport-heritage\/pdp\/xsr900-gp\/#2026-XS850GP-LRYS1\"><i class=\"fa fa-link button_icon\"><\/i><\/a> \n                <a href=\"https:\/\/www.fozmoto.com\/novo\/wp-content\/uploads\/2026\/02\/2026-Yamaha-XS850GP-EU-Legend_Yellow-Action-002-03.jpg\" class=\"fancybox\"><i class=\"fa fa-arrows-alt button_icon\"><\/i><\/a> \n            <\/div>\n        <\/div>\n    <\/div>\n    [vc_column_text css=&#8221;.vc_custom_1770981238298{margin-top: 20px !important;}&#8221;]<\/p>\n<h3 class=\"margin-bottom-10\">XSR900 GP<\/h3>\n<p>[\/vc_column_text][\/vc_column][vc_column width=&#8221;1\/3&#8243;]\t<div class=\"flip \" data-image=\"https:\/\/www.fozmoto.com\/novo\/wp-content\/uploads\/2026\/02\/Design-sem-nome-64.jpg\">\n        <div class=\"card\">\n            <div class=\"face front\">\n            \t<img decoding=\"async\" class=\"img-responsive no_border\" src=\"https:\/\/www.fozmoto.com\/novo\/wp-content\/uploads\/2026\/02\/Design-sem-nome-64.jpg\" alt=\"\">\n            <\/div>\n            <div class=\"face back\">\n                <div class='hover_title'>Saber mais<\/div>\n\n                <a href=\"https:\/\/www.yamaha-motor.eu\/pt\/pt\/motorcycles\/supersport\/pdp\/r9\/#2026-YZF900R9-BWP1\"><i class=\"fa fa-link button_icon\"><\/i><\/a> \n                <a href=\"https:\/\/www.fozmoto.com\/novo\/wp-content\/uploads\/2026\/02\/Design-sem-nome-64.jpg\" class=\"fancybox\"><i class=\"fa fa-arrows-alt button_icon\"><\/i><\/a> \n            <\/div>\n        <\/div>\n    <\/div>\n    [vc_column_text css=&#8221;.vc_custom_1770981335154{margin-top: 20px !important;}&#8221;]<\/p>\n<h3 class=\"margin-bottom-10\">R9 Anniversary<\/h3>\n<p>&nbsp;[\/vc_column_text][\/vc_column][vc_column width=&#8221;1\/3&#8243;]\t<div class=\"flip \" data-image=\"https:\/\/www.fozmoto.com\/novo\/wp-content\/uploads\/2026\/02\/2025-Yamaha-MT09ATRDXCS-EU-Cobalt_Blue-Action-002-03.jpg\">\n        <div class=\"card\">\n            <div class=\"face front\">\n            \t<img decoding=\"async\" class=\"img-responsive no_border\" src=\"https:\/\/www.fozmoto.com\/novo\/wp-content\/uploads\/2026\/02\/2025-Yamaha-MT09ATRDXCS-EU-Cobalt_Blue-Action-002-03.jpg\" alt=\"\">\n            <\/div>\n            <div class=\"face back\">\n                <div class='hover_title'>Saber mais<\/div>\n\n                <a href=\"https:\/\/www.yamaha-motor.eu\/pt\/pt\/motorcycles\/sport-touring\/pdp\/tracer-9-gt-plus-y-amt-2025\/#2025-MT09ATRDXCS-DPBMU\"><i class=\"fa fa-link button_icon\"><\/i><\/a> \n                <a href=\"https:\/\/www.fozmoto.com\/novo\/wp-content\/uploads\/2026\/02\/2025-Yamaha-MT09ATRDXCS-EU-Cobalt_Blue-Action-002-03.jpg\" class=\"fancybox\"><i class=\"fa fa-arrows-alt button_icon\"><\/i><\/a> \n            <\/div>\n        <\/div>\n    <\/div>\n    [vc_column_text css=&#8221;.vc_custom_1770980032537{margin-top: 20px !important;}&#8221;]<\/p>\n<h3 class=\"margin-bottom-10\">TRACER 9 GT+ Y-AMT<\/h3>\n<p>&nbsp;[\/vc_column_text][\/vc_column][\/vc_row][vc_row][vc_column][vc_separator color=&#8221;black&#8221;][vc_column_text]<\/p>\n<h4 class=\"margin-top-none\"><span style='font-weight: 800;'>CAMPANHAS <\/span><\/h4>\n<p>[\/vc_column_text][vc_row_inner][vc_column_inner width=&#8221;1\/2&#8243;][vc_hoverbox image=&#8221;3066&#8243; primary_title=&#8221;&#8221; primary_title_font_container=&#8221;color:%23000000&#8243; primary_title_use_theme_fonts=&#8221;yes&#8221; hover_title=&#8221;&#8221; hover_background_color=&#8221;orange&#8221; el_width=&#8221;90&#8243; hover_btn_title=&#8221;Campanha Motos&#8221; hover_btn_style=&#8221;flat&#8221; hover_btn_color=&#8221;orange&#8221; hover_btn_size=&#8221;lg&#8221; hover_btn_align=&#8221;center&#8221; use_custom_fonts_primary_title=&#8221;true&#8221; use_custom_fonts_hover_title=&#8221;true&#8221; hover_add_button=&#8221;true&#8221; primary_title_link=&#8221;url:https%3A%2F%2Fwww.yamaha-motor.eu%2Fpt%2Fpt%2Fmotorcycles%2Foffers%2F%3Fpage%3D1%26perPage%3D6&#8243; hover_btn_link=&#8221;url:https%3A%2F%2Fwww.yamaha-motor.eu%2Fpt%2Fpt%2Fmotorcycles%2Foffers%2F%3Fpage%3D1%26perPage%3D6|target:_blank&#8221;][\/vc_hoverbox][\/vc_column_inner][vc_column_inner width=&#8221;1\/2&#8243;][vc_hoverbox image=&#8221;3061&#8243; primary_title=&#8221;&#8221; hover_title=&#8221;&#8221; hover_background_color=&#8221;blue&#8221; el_width=&#8221;90&#8243; hover_btn_title=&#8221;Campanha Scooters&#8221; hover_btn_style=&#8221;flat&#8221; hover_btn_color=&#8221;blue&#8221; hover_btn_size=&#8221;lg&#8221; hover_btn_align=&#8221;center&#8221; use_custom_fonts_primary_title=&#8221;true&#8221; use_custom_fonts_hover_title=&#8221;true&#8221; hover_add_button=&#8221;true&#8221; primary_title_link=&#8221;url:https%3A%2F%2Fwww.yamaha-motor.eu%2Fpt%2Fpt%2Fscooters%2Foffers%2F%3Fpage%3D1%26perPage%3D6&#8243; hover_btn_link=&#8221;url:https%3A%2F%2Fwww.yamaha-motor.eu%2Fpt%2Fpt%2Fscooters%2Foffers%2F%3Fpage%3D1%26perPage%3D6|target:_blank&#8221;][\/vc_hoverbox][\/vc_column_inner][\/vc_row_inner][vc_row_inner][vc_column_inner][vc_column_text][\/vc_column_text][\/vc_column_inner][\/vc_row_inner][vc_separator color=&#8221;black&#8221;][vc_column_text]<\/p>\n<h4 class=\"margin-top-none\"><span style='font-weight: 800;'>MARCAS <\/span><\/h4>\n<p>[\/vc_column_text][\/vc_column][\/vc_row][vc_row][vc_column][vc_images_carousel images=&#8221;2158,2159,2157,2160,2161&#8243; img_size=&#8221;full&#8221; onclick=&#8221;link_no&#8221; slides_per_view=&#8221;4&#8243; hide_pagination_control=&#8221;yes&#8221; hide_prev_next_buttons=&#8221;yes&#8221; partial_view=&#8221;yes&#8221; wrap=&#8221;yes&#8221; css=&#8221;.vc_custom_1654098982512{background-color: #ffffff !important;border-radius: 1px !important;}&#8221;][vc_images_carousel images=&#8221;2163,2167,2165,2166,2164&#8243; img_size=&#8221;full&#8221; onclick=&#8221;link_no&#8221; slides_per_view=&#8221;4&#8243; hide_pagination_control=&#8221;yes&#8221; hide_prev_next_buttons=&#8221;yes&#8221; partial_view=&#8221;yes&#8221; wrap=&#8221;yes&#8221;][vc_images_carousel images=&#8221;2172,2175,2173,2176,2174&#8243; img_size=&#8221;full&#8221; onclick=&#8221;link_no&#8221; slides_per_view=&#8221;4&#8243; hide_pagination_control=&#8221;yes&#8221; hide_prev_next_buttons=&#8221;yes&#8221; partial_view=&#8221;yes&#8221; wrap=&#8221;yes&#8221;][vc_images_carousel images=&#8221;2169,2170,2184,2182,2183&#8243; img_size=&#8221;full&#8221; slides_per_view=&#8221;4&#8243; hide_pagination_control=&#8221;yes&#8221; hide_prev_next_buttons=&#8221;yes&#8221; partial_view=&#8221;yes&#8221; wrap=&#8221;yes&#8221;][vc_images_carousel images=&#8221;2189,2186,2190,2188,2187&#8243; img_size=&#8221;full&#8221; onclick=&#8221;link_no&#8221; slides_per_view=&#8221;4&#8243; hide_pagination_control=&#8221;yes&#8221; hide_prev_next_buttons=&#8221;yes&#8221; partial_view=&#8221;yes&#8221; wrap=&#8221;yes&#8221;][vc_column_text]<\/p><\/div>\n<\/div>\n<\/div>\n<\/div>\n<\/div>\n<\/div>\n<\/div>\n<\/div>\n<p><span style=\"vertical-align: inherit;\"><span style=\"vertical-align: inherit;\">[\/vc_column_text][\/vc_column][\/vc_row][vc_column_text][vc_row][vc_column width=&#8221;1\/1&#8243;][vc_column_text]<\/span><\/span>[\/vc_column_text]<\/p>\n","protected":false},"excerpt":{"rendered":"<p>[vc_row][vc_column][vc_single_image image=&#8221;2302&#8243; img_size=&#8221;large&#8221; alignment=&#8221;center&#8221;][vc_separator color=&#8221;black&#8221;][\/vc_column][\/vc_row][vc_row el_class=&#8221;margin-top-30 padding-bottom-40 margin-bottom-none&#8221;][vc_column width=&#8221;1\/2&#8243;][vc_column_text]<\/p>\n<p>[\/vc_column_text][vc_column_text][\/vc_column_text][vc_single_image image=&#8221;2192&#8243; img_size=&#8221;full&#8221; css=&#8221;.vc_custom_1770978277393{margin-left: -30px !important;}&#8221;][\/vc_column][vc_column width=&#8221;1\/2&#8243;][vc_column_text]<\/p>\n<p>[\/vc_column_text][vc_video link=&#8221;https:\/\/www.youtube.com\/watch?v=BPFRcisisUo&#8221;][\/vc_column][\/vc_row][vc_row][vc_column][vc_separator color=&#8221;black&#8221;][vc_column_text]<\/p>\n<p>[\/vc_column_text][\/vc_column][\/vc_row][vc_row el_class=&#8221;padding-bottom-40 margin-bottom-none&#8221;][vc_column width=&#8221;1\/3&#8243;][vc_column_text css=&#8221;.vc_custom_1731327583574{margin-top: 20px !important;}&#8221;]<\/p>\n<p> NMAX 125 <\/p>\n<p>[\/vc_column_text][\/vc_column][vc_column width=&#8221;1\/3&#8243;][vc_column_text css=&#8221;.vc_custom_1770978847392{margin-top: 20px !important;}&#8221;]<\/p>\n<p> NMAX 155 Tech MAX <\/p>\n<p>&nbsp;[\/vc_column_text][\/vc_column][vc_column width=&#8221;1\/3&#8243;][vc_column_text css=&#8221;.vc_custom_1731328462060{margin-top: 20px !important;}&#8221;]<\/p>\n<p> TMAX <\/p>\n<p>[\/vc_column_text][\/vc_column][\/vc_row][vc_row][vc_column width=&#8221;1\/3&#8243;][vc_column_text css=&#8221;.vc_custom_1770979172083{margin-top: 20px !important;}&#8221;]<\/p>\n<p> TMAX 25th Anniversary <\/p>\n<p>[\/vc_column_text][\/vc_column][vc_column width=&#8221;1\/3&#8243;][vc_column_text css=&#8221;.vc_custom_1770979342555{margin-top: 20px !important;}&#8221;]<\/p>\n<p> WR125R <\/p>\n<p>&nbsp;[\/vc_column_text][\/vc_column][vc_column width=&#8221;1\/3&#8243;][vc_column_text css=&#8221;.vc_custom_1770979808982{margin-top: 20px !important;}&#8221;]<\/p>\n<p> XSR125 Legacy <\/p>\n<p>[\/vc_column_text][\/vc_column][\/vc_row][vc_row][vc_column width=&#8221;1\/3&#8243;][vc_column_text css=&#8221;.vc_custom_1770980015881{margin-top: 20px !important;}&#8221;]<\/p>\n<p> TRACER 7 GT (Y-AMT) <\/p>\n<p>[\/vc_column_text][\/vc_column][vc_column width=&#8221;1\/3&#8243;][vc_column_text css=&#8221;.vc_custom_1770980228129{margin-top: 20px !important;}&#8221;]<\/p>\n<p> T\u00c9N\u00c9R\u00c9 700 World Raid <\/p>\n<p>&nbsp;[\/vc_column_text][\/vc_column][vc_column width=&#8221;1\/3&#8243;][vc_column_text css=&#8221;.vc_custom_1770980638668{margin-top: 20px !important;}&#8221;]<\/p>\n<p> YZ125 70th Anniversary <\/p>\n<p>[\/vc_column_text][\/vc_column][\/vc_row][vc_row][vc_column width=&#8221;1\/3&#8243;][vc_column_text css=&#8221;.vc_custom_1770981238298{margin-top: 20px !important;}&#8221;]<\/p>\n<p> XSR900 GP <\/p>\n<p>[\/vc_column_text][\/vc_column][vc_column width=&#8221;1\/3&#8243;][vc_column_text css=&#8221;.vc_custom_1770981335154{margin-top: 20px !important;}&#8221;]<\/p>\n<p> R9 Anniversary <\/p>\n<p>&nbsp;[\/vc_column_text][\/vc_column][vc_column width=&#8221;1\/3&#8243;][vc_column_text css=&#8221;.vc_custom_1770980032537{margin-top: 20px !important;}&#8221;]<\/p>\n<p> TRACER 9 GT+ Y-AMT <\/p>\n<p>&nbsp;[\/vc_column_text][\/vc_column][\/vc_row][vc_row][vc_column][vc_separator color=&#8221;black&#8221;][vc_column_text]<\/p>\n<p>[\/vc_column_text][vc_row_inner][vc_column_inner width=&#8221;1\/2&#8243;][vc_hoverbox image=&#8221;3066&#8243; primary_title=&#8221;&#8221; primary_title_font_container=&#8221;color:%23000000&#8243; primary_title_use_theme_fonts=&#8221;yes&#8221; hover_title=&#8221;&#8221; hover_background_color=&#8221;orange&#8221; el_width=&#8221;90&#8243; hover_btn_title=&#8221;Campanha Motos&#8221; hover_btn_style=&#8221;flat&#8221; hover_btn_color=&#8221;orange&#8221; hover_btn_size=&#8221;lg&#8221; hover_btn_align=&#8221;center&#8221; use_custom_fonts_primary_title=&#8221;true&#8221; use_custom_fonts_hover_title=&#8221;true&#8221; hover_add_button=&#8221;true&#8221; primary_title_link=&#8221;url:https%3A%2F%2Fwww.yamaha-motor.eu%2Fpt%2Fpt%2Fmotorcycles%2Foffers%2F%3Fpage%3D1%26perPage%3D6&#8243; hover_btn_link=&#8221;url:https%3A%2F%2Fwww.yamaha-motor.eu%2Fpt%2Fpt%2Fmotorcycles%2Foffers%2F%3Fpage%3D1%26perPage%3D6|target:_blank&#8221;][\/vc_hoverbox][\/vc_column_inner][vc_column_inner width=&#8221;1\/2&#8243;][vc_hoverbox image=&#8221;3061&#8243; primary_title=&#8221;&#8221; hover_title=&#8221;&#8221; hover_background_color=&#8221;blue&#8221; el_width=&#8221;90&#8243; hover_btn_title=&#8221;Campanha Scooters&#8221; hover_btn_style=&#8221;flat&#8221; hover_btn_color=&#8221;blue&#8221; hover_btn_size=&#8221;lg&#8221; hover_btn_align=&#8221;center&#8221; use_custom_fonts_primary_title=&#8221;true&#8221; use_custom_fonts_hover_title=&#8221;true&#8221; hover_add_button=&#8221;true&#8221; primary_title_link=&#8221;url:https%3A%2F%2Fwww.yamaha-motor.eu%2Fpt%2Fpt%2Fscooters%2Foffers%2F%3Fpage%3D1%26perPage%3D6&#8243; hover_btn_link=&#8221;url:https%3A%2F%2Fwww.yamaha-motor.eu%2Fpt%2Fpt%2Fscooters%2Foffers%2F%3Fpage%3D1%26perPage%3D6|target:_blank&#8221;][\/vc_hoverbox][\/vc_column_inner][\/vc_row_inner][vc_row_inner][vc_column_inner][vc_column_text][\/vc_column_text][\/vc_column_inner][\/vc_row_inner][vc_separator color=&#8221;black&#8221;][vc_column_text]<\/p>\n<p>[\/vc_column_text][\/vc_column][\/vc_row][vc_row][vc_column][vc_images_carousel images=&#8221;2158,2159,2157,2160,2161&#8243; [&#8230;]<\/p>\n","protected":false},"author":9,"featured_media":0,"parent":0,"menu_order":0,"comment_status":"closed","ping_status":"closed","template":"","meta":{"footnotes":""},"class_list":["post-966","page","type-page","status-publish","hentry"],"_links":{"self":[{"href":"https:\/\/www.fozmoto.com\/novo\/index.php?rest_route=\/wp\/v2\/pages\/966","targetHints":{"allow":["GET"]}}],"collection":[{"href":"https:\/\/www.fozmoto.com\/novo\/index.php?rest_route=\/wp\/v2\/pages"}],"about":[{"href":"https:\/\/www.fozmoto.com\/novo\/index.php?rest_route=\/wp\/v2\/types\/page"}],"author":[{"embeddable":true,"href":"https:\/\/www.fozmoto.com\/novo\/index.php?rest_route=\/wp\/v2\/users\/9"}],"replies":[{"embeddable":true,"href":"https:\/\/www.fozmoto.com\/novo\/index.php?rest_route=%2Fwp%2Fv2%2Fcomments&post=966"}],"version-history":[{"count":161,"href":"https:\/\/www.fozmoto.com\/novo\/index.php?rest_route=\/wp\/v2\/pages\/966\/revisions"}],"predecessor-version":[{"id":3072,"href":"https:\/\/www.fozmoto.com\/novo\/index.php?rest_route=\/wp\/v2\/pages\/966\/revisions\/3072"}],"wp:attachment":[{"href":"https:\/\/www.fozmoto.com\/novo\/index.php?rest_route=%2Fwp%2Fv2%2Fmedia&parent=966"}],"curies":[{"name":"wp","href":"https:\/\/api.w.org\/{rel}","templated":true}]}}