
{"id":932,"date":"2014-11-10T16:51:48","date_gmt":"2014-11-10T16:51:48","guid":{"rendered":"https:\/\/demo.pfz.pt\/fozmoto\/wp\/?page_id=932"},"modified":"2022-06-21T09:00:36","modified_gmt":"2022-06-21T09:00:36","slug":"instalacoes","status":"publish","type":"page","link":"https:\/\/www.fozmoto.com\/novo\/?page_id=932","title":{"rendered":"Instala\u00e7\u00f5es"},"content":{"rendered":"<p>[vc_section][vc_row][vc_column][vc_column_text]<\/p>\n<h4 class=\"margin-top-none\"><span style='font-weight: 800;'>CONCESSION\u00c1RIO OFICIAL <\/span><\/h4>\n<p>[\/vc_column_text][\/vc_column][\/vc_row][vc_row][vc_column width=&#8221;1\/5&#8243;][vc_single_image image=&#8221;2231&#8243; img_size=&#8221;full&#8221; onclick=&#8221;custom_link&#8221; img_link_target=&#8221;_blank&#8221; link=&#8221;http:\/\/www.yamaha-motor.eu\/pt\/pt\/#\/&#8221;][\/vc_column][vc_column width=&#8221;1\/5&#8243;][vc_single_image image=&#8221;2230&#8243; img_size=&#8221;full&#8221; onclick=&#8221;custom_link&#8221; img_link_target=&#8221;_blank&#8221; link=&#8221;http:\/\/www.piaggio.com\/pt_PT\/&#8221;][\/vc_column][vc_column width=&#8221;1\/5&#8243;][vc_single_image image=&#8221;2229&#8243; img_size=&#8221;full&#8221; onclick=&#8221;custom_link&#8221; img_link_target=&#8221;_blank&#8221; link=&#8221;http:\/\/www.vespa.com\/pt_PT\/&#8221;][\/vc_column][vc_column width=&#8221;1\/5&#8243;][vc_single_image image=&#8221;2225&#8243; img_size=&#8221;full&#8221; onclick=&#8221;custom_link&#8221; img_link_target=&#8221;_blank&#8221; link=&#8221;http:\/\/umiberica.com\/pt\/&#8221;][\/vc_column][vc_column width=&#8221;1\/5&#8243;][vc_single_image image=&#8221;2224&#8243; img_size=&#8221;full&#8221; onclick=&#8221;custom_link&#8221; img_link_target=&#8221;_blank&#8221; link=&#8221;http:\/\/www.segwaypowersports.pt\/&#8221;][\/vc_column][\/vc_row][\/vc_section][vc_row][vc_column][vc_column_text]Carregue na marca para abrir o cat\u00e1logo[\/vc_column_text][vc_separator][\/vc_column][\/vc_row][vc_row][vc_column][\/vc_column][\/vc_row][vc_row][vc_column][vc_column_text]<\/p>\n<h4 class=\"margin-top-none\"><span style='font-weight: 800;'>OFICINA <\/span><\/h4>\n<p>[\/vc_column_text][vc_row_inner][vc_column_inner width=&#8221;1\/3&#8243;][vc_column_text]<strong>Servi\u00e7o<\/strong>[\/vc_column_text][vc_column_text]Os nossos servi\u00e7os utilizam lubrificantes:[\/vc_column_text][vc_single_image image=&#8221;2245&#8243; img_size=&#8221;small&#8221; alignment=&#8221;center&#8221;][vc_column_text]Os nossos t\u00e9cnicos t\u00eam forma\u00e7\u00e3o:[\/vc_column_text][vc_single_image image=&#8221;2248&#8243; img_size=&#8221;small&#8221; alignment=&#8221;center&#8221;][\/vc_column_inner][vc_column_inner width=&#8221;1\/3&#8243;][vc_column_text]<strong>Hor\u00e1rio<\/strong>[\/vc_column_text][vc_column_text]<\/p>\n<ul>\n<li>Segunda: 9:00h &#8211; 13:00h e 14:30h &#8211; 18:30h<\/li>\n<li>Ter\u00e7a: 9:00h &#8211; 13:00h e 14:30h &#8211; 18:30h<\/li>\n<li>Quarta: 9:00h &#8211; 13:00h e 14:30h &#8211; 18:30h<\/li>\n<li>Quinta: 9:00h &#8211; 13:00h e 14:30h &#8211; 18:30h<\/li>\n<li>Sexta: 9:00h &#8211; 13:00h e 14:30h &#8211; 18:30h<\/li>\n<li>S\u00e1bado: Encerrado<\/li>\n<li>Domingo: Encerrado<\/li>\n<\/ul>\n<p>[\/vc_column_text][\/vc_column_inner][vc_column_inner width=&#8221;1\/3&#8243;][vc_column_text]<strong>Agendamento<\/strong>[\/vc_column_text]<fieldset id=\"contact_form\" class=\"form_contact \">\n\t            <div class=\"contact_result\"><\/div>\n                <input type=\"text\" name=\"name\" class=\"form-control margin-bottom-25\" placeholder=\" Nome\" \/>\n                <input type=\"email\" name=\"email\" class=\"form-control margin-bottom-25\" placeholder=\"E-mail \/ telefone\" \/>\n                <textarea name=\"message\" class=\"form-control margin-bottom-25 contact_textarea\" placeholder=\"Inserir marca, modelo, matricula, km\u00b4s e especificar o pretendido (revis\u00e3o\/repara\u00e7\u00e3o). Dias preferenciais e horas\" rows=\"7\"><\/textarea>\n                <input id=\"submit_btn\" class=\"submit_contact_form\" type=\"submit\" value=\"Enviar mensagem\">\n            <\/fieldset>[\/vc_column_inner][\/vc_row_inner][vc_row_inner][vc_column_inner][vc_separator][vc_column_text]<\/p>\n<h4 class=\"margin-top-none\"><span style='font-weight: 800;'>PE\u00c7AS <\/span><\/h4>\n<p>Clique no link para aceder ao cat\u00e1logo de pe\u00e7as[\/vc_column_text][\/vc_column_inner][\/vc_row_inner][\/vc_column][\/vc_row][vc_row][vc_column width=&#8221;1\/6&#8243;][vc_btn title=&#8221;YAMAHA&#8221; style=&#8221;gradient-custom&#8221; gradient_custom_color_2=&#8221;#dd3333&#8243; size=&#8221;lg&#8221; align=&#8221;center&#8221; button_block=&#8221;true&#8221; link=&#8221;url:https%3A%2F%2Fwww.yamaha-motor.eu%2Fpt%2Fpt%2Fservice-maintenance%2Fparts-catalogue%2F%23%2F|title:CAT%C3%81LOGO%20DE%20PE%C3%87AS|target:_blank&#8221;][\/vc_column][vc_column width=&#8221;1\/6&#8243;][vc_btn title=&#8221;PIAGGIO&#8221; style=&#8221;gradient-custom&#8221; gradient_custom_color_1=&#8221;#1e73be&#8221; gradient_custom_color_2=&#8221;#1e73be&#8221; size=&#8221;lg&#8221; align=&#8221;center&#8221; button_block=&#8221;true&#8221; link=&#8221;url:https%3A%2F%2Fwww.pecas-piaggio.com%2F|title:PE%C3%87AS%20PIAGGIO&#8221;][\/vc_column][vc_column width=&#8221;1\/6&#8243;][vc_btn title=&#8221;VESPA&#8221; style=&#8221;gradient-custom&#8221; gradient_custom_color_1=&#8221;#02e2bd&#8221; gradient_custom_color_2=&#8221;#02e2bd&#8221; size=&#8221;lg&#8221; align=&#8221;center&#8221; button_block=&#8221;true&#8221; link=&#8221;url:https%3A%2F%2Fwww.pecas-piaggio.com%2F|title:PE%C3%87AS%20VESPA|target:_blank&#8221;][\/vc_column][vc_column width=&#8221;1\/2&#8243;][vc_single_image image=&#8221;2239&#8243; img_size=&#8221;large&#8221; css=&#8221;.vc_custom_1654619011985{margin-top: -10px !important;}&#8221;][\/vc_column][\/vc_row][vc_row][vc_column][vc_column_text]Clique no link, selecione a mota, selecione as pe\u00e7as\/refer\u00eancias e envie por email para pecas@fozmoto.com.<\/p>\n<p>Pe\u00e7as referentes a UM ou a SEGWAY, enviar e-mail para pecas@fozmoto.com onde inclua a matr\u00edcula da mota, a marca, o modelo e o numero de chassi.[\/vc_column_text][\/vc_column][\/vc_row]<\/p>\n","protected":false},"excerpt":{"rendered":"<p>[vc_section][vc_row][vc_column][vc_column_text]<\/p>\n<p>[\/vc_column_text][\/vc_column][\/vc_row][vc_row][vc_column width=&#8221;1\/5&#8243;][vc_single_image image=&#8221;2231&#8243; img_size=&#8221;full&#8221; onclick=&#8221;custom_link&#8221; img_link_target=&#8221;_blank&#8221; link=&#8221;http:\/\/www.yamaha-motor.eu\/pt\/pt\/#\/&#8221;][\/vc_column][vc_column width=&#8221;1\/5&#8243;][vc_single_image image=&#8221;2230&#8243; img_size=&#8221;full&#8221; onclick=&#8221;custom_link&#8221; img_link_target=&#8221;_blank&#8221; link=&#8221;http:\/\/www.piaggio.com\/pt_PT\/&#8221;][\/vc_column][vc_column width=&#8221;1\/5&#8243;][vc_single_image image=&#8221;2229&#8243; img_size=&#8221;full&#8221; onclick=&#8221;custom_link&#8221; img_link_target=&#8221;_blank&#8221; link=&#8221;http:\/\/www.vespa.com\/pt_PT\/&#8221;][\/vc_column][vc_column width=&#8221;1\/5&#8243;][vc_single_image image=&#8221;2225&#8243; img_size=&#8221;full&#8221; onclick=&#8221;custom_link&#8221; img_link_target=&#8221;_blank&#8221; link=&#8221;http:\/\/umiberica.com\/pt\/&#8221;][\/vc_column][vc_column width=&#8221;1\/5&#8243;][vc_single_image image=&#8221;2224&#8243; img_size=&#8221;full&#8221; onclick=&#8221;custom_link&#8221; img_link_target=&#8221;_blank&#8221; link=&#8221;http:\/\/www.segwaypowersports.pt\/&#8221;][\/vc_column][\/vc_row][\/vc_section][vc_row][vc_column][vc_column_text]Carregue na marca para abrir o cat\u00e1logo[\/vc_column_text][vc_separator][\/vc_column][\/vc_row][vc_row][vc_column][\/vc_column][\/vc_row][vc_row][vc_column][vc_column_text]<\/p>\n<p>[\/vc_column_text][vc_row_inner][vc_column_inner width=&#8221;1\/3&#8243;][vc_column_text]<strong>Servi\u00e7o<\/strong>[\/vc_column_text][vc_column_text]Os nossos servi\u00e7os utilizam lubrificantes:[\/vc_column_text][vc_single_image image=&#8221;2245&#8243; img_size=&#8221;small&#8221; alignment=&#8221;center&#8221;][vc_column_text]Os nossos t\u00e9cnicos t\u00eam forma\u00e7\u00e3o:[\/vc_column_text][vc_single_image image=&#8221;2248&#8243; img_size=&#8221;small&#8221; alignment=&#8221;center&#8221;][\/vc_column_inner][vc_column_inner width=&#8221;1\/3&#8243;][vc_column_text]<strong>Hor\u00e1rio<\/strong>[\/vc_column_text][vc_column_text]<\/p>\n<p> Segunda: 9:00h &#8211; 13:00h e 14:30h &#8211; 18:30h Ter\u00e7a: 9:00h &#8211; 13:00h e 14:30h &#8211; 18:30h Quarta: 9:00h &#8211; 13:00h e 14:30h &#8211; 18:30h Quinta: 9:00h &#8211; 13:00h e 14:30h &#8211; 18:30h Sexta: 9:00h &#8211; 13:00h e 14:30h &#8211; 18:30h S\u00e1bado: Encerrado Domingo: Encerrado <\/p>\n<p>[\/vc_column_text][\/vc_column_inner][vc_column_inner width=&#8221;1\/3&#8243;][vc_column_text]<strong>Agendamento<\/strong>[\/vc_column_text][\/vc_column_inner][\/vc_row_inner][vc_row_inner][vc_column_inner][vc_separator][vc_column_text]<\/p>\n<p>Clique no link para aceder ao cat\u00e1logo de pe\u00e7as[\/vc_column_text][\/vc_column_inner][\/vc_row_inner][\/vc_column][\/vc_row][vc_row][vc_column width=&#8221;1\/6&#8243;][vc_btn title=&#8221;YAMAHA&#8221; style=&#8221;gradient-custom&#8221; gradient_custom_color_2=&#8221;#dd3333&#8243; size=&#8221;lg&#8221; align=&#8221;center&#8221; button_block=&#8221;true&#8221; link=&#8221;url:https%3A%2F%2Fwww.yamaha-motor.eu%2Fpt%2Fpt%2Fservice-maintenance%2Fparts-catalogue%2F%23%2F|title:CAT%C3%81LOGO%20DE%20PE%C3%87AS|target:_blank&#8221;][\/vc_column][vc_column width=&#8221;1\/6&#8243;][vc_btn title=&#8221;PIAGGIO&#8221; style=&#8221;gradient-custom&#8221; gradient_custom_color_1=&#8221;#1e73be&#8221; gradient_custom_color_2=&#8221;#1e73be&#8221; size=&#8221;lg&#8221; align=&#8221;center&#8221; button_block=&#8221;true&#8221; link=&#8221;url:https%3A%2F%2Fwww.pecas-piaggio.com%2F|title:PE%C3%87AS%20PIAGGIO&#8221;][\/vc_column][vc_column width=&#8221;1\/6&#8243;][vc_btn title=&#8221;VESPA&#8221; style=&#8221;gradient-custom&#8221; gradient_custom_color_1=&#8221;#02e2bd&#8221; gradient_custom_color_2=&#8221;#02e2bd&#8221; size=&#8221;lg&#8221; align=&#8221;center&#8221; button_block=&#8221;true&#8221; link=&#8221;url:https%3A%2F%2Fwww.pecas-piaggio.com%2F|title:PE%C3%87AS%20VESPA|target:_blank&#8221;][\/vc_column][vc_column width=&#8221;1\/2&#8243;][vc_single_image image=&#8221;2239&#8243; img_size=&#8221;large&#8221; css=&#8221;.vc_custom_1654619011985{margin-top: -10px !important;}&#8221;][\/vc_column][\/vc_row][vc_row][vc_column][vc_column_text]Clique no link, selecione a mota, selecione as pe\u00e7as\/refer\u00eancias e envie por email para [&#8230;]<\/p>\n","protected":false},"author":9,"featured_media":0,"parent":0,"menu_order":0,"comment_status":"open","ping_status":"closed","template":"","meta":{"footnotes":""},"class_list":["post-932","page","type-page","status-publish","hentry"],"_links":{"self":[{"href":"https:\/\/www.fozmoto.com\/novo\/index.php?rest_route=\/wp\/v2\/pages\/932","targetHints":{"allow":["GET"]}}],"collection":[{"href":"https:\/\/www.fozmoto.com\/novo\/index.php?rest_route=\/wp\/v2\/pages"}],"about":[{"href":"https:\/\/www.fozmoto.com\/novo\/index.php?rest_route=\/wp\/v2\/types\/page"}],"author":[{"embeddable":true,"href":"https:\/\/www.fozmoto.com\/novo\/index.php?rest_route=\/wp\/v2\/users\/9"}],"replies":[{"embeddable":true,"href":"https:\/\/www.fozmoto.com\/novo\/index.php?rest_route=%2Fwp%2Fv2%2Fcomments&post=932"}],"version-history":[{"count":25,"href":"https:\/\/www.fozmoto.com\/novo\/index.php?rest_route=\/wp\/v2\/pages\/932\/revisions"}],"predecessor-version":[{"id":2254,"href":"https:\/\/www.fozmoto.com\/novo\/index.php?rest_route=\/wp\/v2\/pages\/932\/revisions\/2254"}],"wp:attachment":[{"href":"https:\/\/www.fozmoto.com\/novo\/index.php?rest_route=%2Fwp%2Fv2%2Fmedia&parent=932"}],"curies":[{"name":"wp","href":"https:\/\/api.w.org\/{rel}","templated":true}]}}